{"id":64,"date":"2024-02-05T21:23:15","date_gmt":"2024-02-05T21:23:15","guid":{"rendered":"https:\/\/osseovacuum2.wpenginepowered.com\/?page_id=64"},"modified":"2024-11-06T09:37:20","modified_gmt":"2024-11-06T09:37:20","slug":"contact","status":"publish","type":"page","link":"https:\/\/www.lescheminsdor.ca\/en\/contact\/","title":{"rendered":"Contact"},"content":{"rendered":"\t\t<div data-elementor-type=\"wp-page\" data-elementor-id=\"64\" class=\"elementor elementor-64\" data-elementor-post-type=\"page\">\n\t\t\t\t<div class=\"elementor-element elementor-element-f91bfa1 e-flex e-con-boxed e-con e-parent\" data-id=\"f91bfa1\" data-element_type=\"container\" data-e-type=\"container\">\n\t\t\t\t\t<div class=\"e-con-inner\">\n\t\t<div class=\"elementor-element elementor-element-9a44832 e-con-full e-flex e-con e-child\" data-id=\"9a44832\" data-element_type=\"container\" data-e-type=\"container\">\n\t\t\t\t<div class=\"elementor-element elementor-element-d373a16 elementor-widget__width-initial elementor-widget-tablet__width-initial elementor-widget-mobile__width-initial elementor-widget elementor-widget-heading\" data-id=\"d373a16\" data-element_type=\"widget\" data-e-type=\"widget\" data-widget_type=\"heading.default\">\n\t\t\t\t<div class=\"elementor-widget-container\">\n\t\t\t\t\t<h2 class=\"elementor-heading-title elementor-size-default\">Nous contacter<\/h2>\t\t\t\t<\/div>\n\t\t\t\t<\/div>\n\t\t\t\t<div class=\"elementor-element elementor-element-0be83c8 elementor-widget__width-initial elementor-widget-tablet__width-initial elementor-widget-mobile__width-initial elementor-widget elementor-widget-heading\" data-id=\"0be83c8\" data-element_type=\"widget\" data-e-type=\"widget\" data-widget_type=\"heading.default\">\n\t\t\t\t<div class=\"elementor-widget-container\">\n\t\t\t\t\t<h2 class=\"elementor-heading-title elementor-size-default\">Vous avez une question ? Nous sommes l\u00e0 pour vous aider !<\/h2>\t\t\t\t<\/div>\n\t\t\t\t<\/div>\n\t\t\t\t<div class=\"elementor-element elementor-element-4141cf3 elementor-button-align-stretch elementor-widget elementor-widget-form\" data-id=\"4141cf3\" data-element_type=\"widget\" data-e-type=\"widget\" data-settings=\"{&quot;step_next_label&quot;:&quot;Next&quot;,&quot;step_previous_label&quot;:&quot;Previous&quot;,&quot;button_width&quot;:&quot;100&quot;,&quot;step_type&quot;:&quot;number_text&quot;,&quot;step_icon_shape&quot;:&quot;circle&quot;}\" data-widget_type=\"form.default\">\n\t\t\t\t<div class=\"elementor-widget-container\">\n\t\t\t\t\t\t\t<form class=\"elementor-form\" method=\"post\" name=\"New Form\" aria-label=\"New Form\">\n\t\t\t<input type=\"hidden\" name=\"post_id\" value=\"64\"\/>\n\t\t\t<input type=\"hidden\" name=\"form_id\" value=\"4141cf3\"\/>\n\t\t\t<input type=\"hidden\" name=\"referer_title\" value=\"Contact - Les Chemins D&#039;or\" \/>\n\n\t\t\t\t\t\t\t<input type=\"hidden\" name=\"queried_id\" value=\"64\"\/>\n\t\t\t\n\t\t\t<div class=\"elementor-form-fields-wrapper elementor-labels-above\">\n\t\t\t\t\t\t\t\t<div class=\"elementor-field-type-text elementor-field-group elementor-column elementor-field-group-name elementor-col-100\">\n\t\t\t\t\t\t\t\t\t\t\t\t<label for=\"form-field-name\" class=\"elementor-field-label\">\n\t\t\t\t\t\t\t\tNom\t\t\t\t\t\t\t<\/label>\n\t\t\t\t\t\t\t\t\t\t\t\t\t\t<input size=\"1\" type=\"text\" name=\"form_fields[name]\" id=\"form-field-name\" class=\"elementor-field elementor-size-sm  elementor-field-textual\">\n\t\t\t\t\t\t\t\t\t\t\t<\/div>\n\t\t\t\t\t\t\t\t<div class=\"elementor-field-type-email elementor-field-group elementor-column elementor-field-group-email elementor-col-100 elementor-field-required elementor-mark-required\">\n\t\t\t\t\t\t\t\t\t\t\t\t<label for=\"form-field-email\" class=\"elementor-field-label\">\n\t\t\t\t\t\t\t\tCourriel\t\t\t\t\t\t\t<\/label>\n\t\t\t\t\t\t\t\t\t\t\t\t\t\t<input size=\"1\" type=\"email\" name=\"form_fields[email]\" id=\"form-field-email\" class=\"elementor-field elementor-size-sm  elementor-field-textual\" required=\"required\">\n\t\t\t\t\t\t\t\t\t\t\t<\/div>\n\t\t\t\t\t\t\t\t<div class=\"elementor-field-type-tel elementor-field-group elementor-column elementor-field-group-field_bb710a2 elementor-col-100\">\n\t\t\t\t\t\t\t\t\t\t\t\t<label for=\"form-field-field_bb710a2\" class=\"elementor-field-label\">\n\t\t\t\t\t\t\t\tT\u00e9l\u00e9phone\t\t\t\t\t\t\t<\/label>\n\t\t\t\t\t\t\t\t<input size=\"1\" type=\"tel\" name=\"form_fields[field_bb710a2]\" id=\"form-field-field_bb710a2\" class=\"elementor-field elementor-size-sm  elementor-field-textual\" pattern=\"[0-9()#&amp;+*-=.]+\" title=\"Seuls les caract\u00e8res de num\u00e9ros de t\u00e9l\u00e9phone (#, -, *, etc.) sont accept\u00e9s.\">\n\n\t\t\t\t\t\t<\/div>\n\t\t\t\t\t\t\t\t<div class=\"elementor-field-type-textarea elementor-field-group elementor-column elementor-field-group-message elementor-col-100\">\n\t\t\t\t\t\t\t\t\t\t\t\t<label for=\"form-field-message\" class=\"elementor-field-label\">\n\t\t\t\t\t\t\t\tComment pouvons-nous vous aider ?\t\t\t\t\t\t\t<\/label>\n\t\t\t\t\t\t<textarea class=\"elementor-field-textual elementor-field  elementor-size-sm\" name=\"form_fields[message]\" id=\"form-field-message\" rows=\"4\"><\/textarea>\t\t\t\t<\/div>\n\t\t\t\t\t\t\t\t<div class=\"elementor-field-group elementor-column elementor-field-type-submit elementor-col-100 e-form__buttons\">\n\t\t\t\t\t<button class=\"elementor-button elementor-size-sm\" type=\"submit\">\n\t\t\t\t\t\t<span class=\"elementor-button-content-wrapper\">\n\t\t\t\t\t\t\t\t\t\t\t\t\t\t\t\t\t\t\t\t\t\t<span class=\"elementor-button-text\">Envoyer un message<\/span>\n\t\t\t\t\t\t\t\t\t\t\t\t\t<\/span>\n\t\t\t\t\t<\/button>\n\t\t\t\t<\/div>\n\t\t\t<\/div>\n\t\t<\/form>\n\t\t\t\t\t\t<\/div>\n\t\t\t\t<\/div>\n\t\t\t\t<\/div>\n\t\t\t\t\t<\/div>\n\t\t\t\t<\/div>\n\t\t<div class=\"elementor-element elementor-element-398d7d1 e-flex e-con-boxed e-con e-parent\" data-id=\"398d7d1\" data-element_type=\"container\" data-e-type=\"container\">\n\t\t\t\t\t<div class=\"e-con-inner\">\n\t\t\t\t<div class=\"elementor-element elementor-element-fd2a114 elementor-widget__width-initial elementor-widget-tablet__width-initial elementor-widget-mobile__width-initial elementor-widget elementor-widget-heading\" data-id=\"fd2a114\" data-element_type=\"widget\" data-e-type=\"widget\" data-widget_type=\"heading.default\">\n\t\t\t\t<div class=\"elementor-widget-container\">\n\t\t\t\t\t<h2 class=\"elementor-heading-title elementor-size-default\">Informations sur le magasin<\/h2>\t\t\t\t<\/div>\n\t\t\t\t<\/div>\n\t\t<div class=\"elementor-element elementor-element-9584dca e-con-full e-flex e-con e-child\" data-id=\"9584dca\" data-element_type=\"container\" data-e-type=\"container\">\n\t\t<div class=\"elementor-element elementor-element-270fce9 e-con-full e-flex e-con e-child\" data-id=\"270fce9\" data-element_type=\"container\" data-e-type=\"container\">\n\t\t\t\t<div class=\"elementor-element elementor-element-04d58b6 elementor-widget elementor-widget-heading\" data-id=\"04d58b6\" data-element_type=\"widget\" data-e-type=\"widget\" data-widget_type=\"heading.default\">\n\t\t\t\t<div class=\"elementor-widget-container\">\n\t\t\t\t\t<h3 class=\"elementor-heading-title elementor-size-default\">Adresse<\/h3>\t\t\t\t<\/div>\n\t\t\t\t<\/div>\n\t\t\t\t<div class=\"elementor-element elementor-element-e8b7559 elementor-widget__width-initial elementor-widget elementor-widget-text-editor\" data-id=\"e8b7559\" data-element_type=\"widget\" data-e-type=\"widget\" data-widget_type=\"text-editor.default\">\n\t\t\t\t<div class=\"elementor-widget-container\">\n\t\t\t\t\t\t\t\t\t<p>Boutique Saint-Leonard 5875 Jean-Talon est Saint-Leonard, QC H1S 0B2<\/p>\t\t\t\t\t\t\t\t<\/div>\n\t\t\t\t<\/div>\n\t\t\t\t<div class=\"elementor-element elementor-element-2437bf9 elementor-widget elementor-widget-text-editor\" data-id=\"2437bf9\" data-element_type=\"widget\" data-e-type=\"widget\" data-widget_type=\"text-editor.default\">\n\t\t\t\t<div class=\"elementor-widget-container\">\n\t\t\t\t\t\t\t\t\t<p><a href=\"https:\/\/maps.app.goo.gl\/9Nf7xBf5yqASPuLUA\">Obtenir un itin\u00e9raire<\/a><\/p>\t\t\t\t\t\t\t\t<\/div>\n\t\t\t\t<\/div>\n\t\t\t\t<\/div>\n\t\t<div class=\"elementor-element elementor-element-812c3e9 e-con-full e-flex e-con e-child\" data-id=\"812c3e9\" data-element_type=\"container\" data-e-type=\"container\">\n\t\t\t\t<div class=\"elementor-element elementor-element-8f5f185 elementor-widget elementor-widget-heading\" data-id=\"8f5f185\" data-element_type=\"widget\" data-e-type=\"widget\" data-widget_type=\"heading.default\">\n\t\t\t\t<div class=\"elementor-widget-container\">\n\t\t\t\t\t<h3 class=\"elementor-heading-title elementor-size-default\">T\u00e9l\u00e9phone<\/h3>\t\t\t\t<\/div>\n\t\t\t\t<\/div>\n\t\t\t\t<div class=\"elementor-element elementor-element-4056ce9 elementor-widget elementor-widget-text-editor\" data-id=\"4056ce9\" data-element_type=\"widget\" data-e-type=\"widget\" data-widget_type=\"text-editor.default\">\n\t\t\t\t<div class=\"elementor-widget-container\">\n\t\t\t\t\t\t\t\t\t<p><a href=\"tel:514-254-0761\">514-254-0761<\/a><\/p>\t\t\t\t\t\t\t\t<\/div>\n\t\t\t\t<\/div>\n\t\t\t\t<\/div>\n\t\t<div class=\"elementor-element elementor-element-4ee90cc e-con-full e-flex e-con e-child\" data-id=\"4ee90cc\" data-element_type=\"container\" data-e-type=\"container\">\n\t\t\t\t<div class=\"elementor-element elementor-element-f6451bf elementor-widget elementor-widget-heading\" data-id=\"f6451bf\" data-element_type=\"widget\" data-e-type=\"widget\" data-widget_type=\"heading.default\">\n\t\t\t\t<div class=\"elementor-widget-container\">\n\t\t\t\t\t<h3 class=\"elementor-heading-title elementor-size-default\">Courriel<\/h3>\t\t\t\t<\/div>\n\t\t\t\t<\/div>\n\t\t\t\t<div class=\"elementor-element elementor-element-42e945f elementor-widget elementor-widget-text-editor\" data-id=\"42e945f\" data-element_type=\"widget\" data-e-type=\"widget\" data-widget_type=\"text-editor.default\">\n\t\t\t\t<div class=\"elementor-widget-container\">\n\t\t\t\t\t\t\t\t\t<p><a href=\"mailto:info@lescheminsdor.ca\">info@lescheminsdor.ca<\/a><\/p>\t\t\t\t\t\t\t\t<\/div>\n\t\t\t\t<\/div>\n\t\t\t\t<\/div>\n\t\t<div class=\"elementor-element elementor-element-a5c35c2 e-con-full e-flex e-con e-child\" data-id=\"a5c35c2\" data-element_type=\"container\" data-e-type=\"container\">\n\t\t\t\t<div class=\"elementor-element elementor-element-31918da elementor-widget elementor-widget-heading\" data-id=\"31918da\" data-element_type=\"widget\" data-e-type=\"widget\" data-widget_type=\"heading.default\">\n\t\t\t\t<div class=\"elementor-widget-container\">\n\t\t\t\t\t<h3 class=\"elementor-heading-title elementor-size-default\">Heures d'ouverture<\/h3>\t\t\t\t<\/div>\n\t\t\t\t<\/div>\n\t\t\t\t<div class=\"elementor-element elementor-element-180bff1 elementor-widget elementor-widget-text-editor\" data-id=\"180bff1\" data-element_type=\"widget\" data-e-type=\"widget\" data-widget_type=\"text-editor.default\">\n\t\t\t\t<div class=\"elementor-widget-container\">\n\t\t\t\t\t\t\t\t\t<p>Lundi et dimanche : Ferm\u00e9<\/p><p>Mardi \u00e0 vendredi : 10h \u00e0 18h<\/p><p>Samedi : 10h00 \u00e0 17h00<\/p>\t\t\t\t\t\t\t\t<\/div>\n\t\t\t\t<\/div>\n\t\t\t\t<\/div>\n\t\t\t\t<\/div>\n\t\t\t\t\t<\/div>\n\t\t\t\t<\/div>\n\t\t<div class=\"elementor-element elementor-element-919c664 e-flex e-con-boxed e-con e-parent\" data-id=\"919c664\" data-element_type=\"container\" data-e-type=\"container\">\n\t\t\t\t\t<div class=\"e-con-inner\">\n\t\t\t\t<div class=\"elementor-element elementor-element-379314b elementor-widget elementor-widget-google_maps\" data-id=\"379314b\" data-element_type=\"widget\" data-e-type=\"widget\" data-widget_type=\"google_maps.default\">\n\t\t\t\t<div class=\"elementor-widget-container\">\n\t\t\t\t\t\t\t<div class=\"elementor-custom-embed\">\n\t\t\t<iframe loading=\"lazy\"\n\t\t\t\t\tsrc=\"https:\/\/maps.google.com\/maps?q=Les%20Chemins%20D%60or&#038;t=m&#038;z=15&#038;output=embed&#038;iwloc=near\"\n\t\t\t\t\ttitle=\"Les Chemins D`or\"\n\t\t\t\t\taria-label=\"Les Chemins D`or\"\n\t\t\t><\/iframe>\n\t\t<\/div>\n\t\t\t\t\t\t<\/div>\n\t\t\t\t<\/div>\n\t\t\t\t\t<\/div>\n\t\t\t\t<\/div>\n\t\t\t\t<\/div>\n\t\t","protected":false},"excerpt":{"rendered":"<p>Nous contacter Vous avez une question ? Nous sommes l\u00e0 pour vous aider ! Informations sur le magasin Adresse Boutique Saint-Leonard 5875 Jean-Talon est Saint-Leonard, QC H1S 0B2 Obtenir un itin\u00e9raire T\u00e9l\u00e9phone 514-254-0761 Courriel info@lescheminsdor.ca Heures d&rsquo;ouverture Lundi et dimanche : Ferm\u00e9 Mardi \u00e0 vendredi : 10h \u00e0 18h Samedi : 10h00 \u00e0 17h00<\/p>","protected":false},"author":1,"featured_media":0,"parent":0,"menu_order":0,"comment_status":"closed","ping_status":"closed","template":"","meta":{"_acf_changed":false,"footnotes":""},"class_list":["post-64","page","type-page","status-publish","hentry"],"acf":[],"yoast_head":"<!-- This site is optimized with the Yoast SEO plugin v27.5 - https:\/\/yoast.com\/product\/yoast-seo-wordpress\/ -->\n<title>Contact - Les Chemins D&#039;or<\/title>\n<meta name=\"robots\" content=\"index, follow, max-snippet:-1, max-image-preview:large, max-video-preview:-1\" \/>\n<link rel=\"canonical\" href=\"https:\/\/www.lescheminsdor.ca\/en\/contact\/\" \/>\n<meta property=\"og:locale\" content=\"en_US\" \/>\n<meta property=\"og:type\" content=\"article\" \/>\n<meta property=\"og:title\" content=\"Contact - Les Chemins D&#039;or\" \/>\n<meta property=\"og:description\" content=\"Nous contacter Vous avez une question ? Nous sommes l\u00e0 pour vous aider ! Informations sur le magasin Adresse Boutique Saint-Leonard 5875 Jean-Talon est Saint-Leonard, QC H1S 0B2 Obtenir un itin\u00e9raire T\u00e9l\u00e9phone 514-254-0761 Courriel info@lescheminsdor.ca Heures d&rsquo;ouverture Lundi et dimanche : Ferm\u00e9 Mardi \u00e0 vendredi : 10h \u00e0 18h Samedi : 10h00 \u00e0 17h00\" \/>\n<meta property=\"og:url\" content=\"https:\/\/www.lescheminsdor.ca\/en\/contact\/\" \/>\n<meta property=\"og:site_name\" content=\"Les Chemins D&#039;or\" \/>\n<meta property=\"article:modified_time\" content=\"2024-11-06T09:37:20+00:00\" \/>\n<meta name=\"twitter:label1\" content=\"Est. reading time\" \/>\n\t<meta name=\"twitter:data1\" content=\"1 minute\" \/>\n<script type=\"application\/ld+json\" class=\"yoast-schema-graph\">{\"@context\":\"https:\\\/\\\/schema.org\",\"@graph\":[{\"@type\":\"WebPage\",\"@id\":\"https:\\\/\\\/www.lescheminsdor.ca\\\/contact\\\/\",\"url\":\"https:\\\/\\\/www.lescheminsdor.ca\\\/contact\\\/\",\"name\":\"Contact - Les Chemins D&#039;or\",\"isPartOf\":{\"@id\":\"https:\\\/\\\/www.lescheminsdor.ca\\\/#website\"},\"datePublished\":\"2024-02-05T21:23:15+00:00\",\"dateModified\":\"2024-11-06T09:37:20+00:00\",\"breadcrumb\":{\"@id\":\"https:\\\/\\\/www.lescheminsdor.ca\\\/contact\\\/#breadcrumb\"},\"inLanguage\":\"en-US\",\"potentialAction\":[{\"@type\":\"ReadAction\",\"target\":[\"https:\\\/\\\/www.lescheminsdor.ca\\\/contact\\\/\"]}]},{\"@type\":\"BreadcrumbList\",\"@id\":\"https:\\\/\\\/www.lescheminsdor.ca\\\/contact\\\/#breadcrumb\",\"itemListElement\":[{\"@type\":\"ListItem\",\"position\":1,\"name\":\"Home\",\"item\":\"https:\\\/\\\/www.lescheminsdor.ca\\\/\"},{\"@type\":\"ListItem\",\"position\":2,\"name\":\"Contact\"}]},{\"@type\":\"WebSite\",\"@id\":\"https:\\\/\\\/www.lescheminsdor.ca\\\/#website\",\"url\":\"https:\\\/\\\/www.lescheminsdor.ca\\\/\",\"name\":\"Les Chemins D&#039;or\",\"description\":\"\u00c9tabli depuis 1970\",\"publisher\":{\"@id\":\"https:\\\/\\\/www.lescheminsdor.ca\\\/#organization\"},\"potentialAction\":[{\"@type\":\"SearchAction\",\"target\":{\"@type\":\"EntryPoint\",\"urlTemplate\":\"https:\\\/\\\/www.lescheminsdor.ca\\\/?s={search_term_string}\"},\"query-input\":{\"@type\":\"PropertyValueSpecification\",\"valueRequired\":true,\"valueName\":\"search_term_string\"}}],\"inLanguage\":\"en-US\"},{\"@type\":\"Organization\",\"@id\":\"https:\\\/\\\/www.lescheminsdor.ca\\\/#organization\",\"name\":\"Les Chemins D&#039;or\",\"url\":\"https:\\\/\\\/www.lescheminsdor.ca\\\/\",\"logo\":{\"@type\":\"ImageObject\",\"inLanguage\":\"en-US\",\"@id\":\"https:\\\/\\\/www.lescheminsdor.ca\\\/#\\\/schema\\\/logo\\\/image\\\/\",\"url\":\"https:\\\/\\\/www.lescheminsdor.ca\\\/wp-content\\\/uploads\\\/2024\\\/02\\\/attachment-1.png\",\"contentUrl\":\"https:\\\/\\\/www.lescheminsdor.ca\\\/wp-content\\\/uploads\\\/2024\\\/02\\\/attachment-1.png\",\"width\":356,\"height\":49,\"caption\":\"Les Chemins D&#039;or\"},\"image\":{\"@id\":\"https:\\\/\\\/www.lescheminsdor.ca\\\/#\\\/schema\\\/logo\\\/image\\\/\"}}]}<\/script>\n<!-- \/ Yoast SEO plugin. -->","yoast_head_json":{"title":"Contact - Les Chemins D&#039;or","robots":{"index":"index","follow":"follow","max-snippet":"max-snippet:-1","max-image-preview":"max-image-preview:large","max-video-preview":"max-video-preview:-1"},"canonical":"https:\/\/www.lescheminsdor.ca\/en\/contact\/","og_locale":"en_US","og_type":"article","og_title":"Contact - Les Chemins D&#039;or","og_description":"Nous contacter Vous avez une question ? Nous sommes l\u00e0 pour vous aider ! Informations sur le magasin Adresse Boutique Saint-Leonard 5875 Jean-Talon est Saint-Leonard, QC H1S 0B2 Obtenir un itin\u00e9raire T\u00e9l\u00e9phone 514-254-0761 Courriel info@lescheminsdor.ca Heures d&rsquo;ouverture Lundi et dimanche : Ferm\u00e9 Mardi \u00e0 vendredi : 10h \u00e0 18h Samedi : 10h00 \u00e0 17h00","og_url":"https:\/\/www.lescheminsdor.ca\/en\/contact\/","og_site_name":"Les Chemins D&#039;or","article_modified_time":"2024-11-06T09:37:20+00:00","twitter_misc":{"Est. reading time":"1 minute"},"schema":{"@context":"https:\/\/schema.org","@graph":[{"@type":"WebPage","@id":"https:\/\/www.lescheminsdor.ca\/contact\/","url":"https:\/\/www.lescheminsdor.ca\/contact\/","name":"Contact - Les Chemins D&#039;or","isPartOf":{"@id":"https:\/\/www.lescheminsdor.ca\/#website"},"datePublished":"2024-02-05T21:23:15+00:00","dateModified":"2024-11-06T09:37:20+00:00","breadcrumb":{"@id":"https:\/\/www.lescheminsdor.ca\/contact\/#breadcrumb"},"inLanguage":"en-US","potentialAction":[{"@type":"ReadAction","target":["https:\/\/www.lescheminsdor.ca\/contact\/"]}]},{"@type":"BreadcrumbList","@id":"https:\/\/www.lescheminsdor.ca\/contact\/#breadcrumb","itemListElement":[{"@type":"ListItem","position":1,"name":"Home","item":"https:\/\/www.lescheminsdor.ca\/"},{"@type":"ListItem","position":2,"name":"Contact"}]},{"@type":"WebSite","@id":"https:\/\/www.lescheminsdor.ca\/#website","url":"https:\/\/www.lescheminsdor.ca\/","name":"Les Chemins D&#039;or","description":"Established since 1970","publisher":{"@id":"https:\/\/www.lescheminsdor.ca\/#organization"},"potentialAction":[{"@type":"SearchAction","target":{"@type":"EntryPoint","urlTemplate":"https:\/\/www.lescheminsdor.ca\/?s={search_term_string}"},"query-input":{"@type":"PropertyValueSpecification","valueRequired":true,"valueName":"search_term_string"}}],"inLanguage":"en-US"},{"@type":"Organization","@id":"https:\/\/www.lescheminsdor.ca\/#organization","name":"Les Chemins D&#039;or","url":"https:\/\/www.lescheminsdor.ca\/","logo":{"@type":"ImageObject","inLanguage":"en-US","@id":"https:\/\/www.lescheminsdor.ca\/#\/schema\/logo\/image\/","url":"https:\/\/www.lescheminsdor.ca\/wp-content\/uploads\/2024\/02\/attachment-1.png","contentUrl":"https:\/\/www.lescheminsdor.ca\/wp-content\/uploads\/2024\/02\/attachment-1.png","width":356,"height":49,"caption":"Les Chemins D&#039;or"},"image":{"@id":"https:\/\/www.lescheminsdor.ca\/#\/schema\/logo\/image\/"}}]}},"_links":{"self":[{"href":"https:\/\/www.lescheminsdor.ca\/en\/wp-json\/wp\/v2\/pages\/64","targetHints":{"allow":["GET"]}}],"collection":[{"href":"https:\/\/www.lescheminsdor.ca\/en\/wp-json\/wp\/v2\/pages"}],"about":[{"href":"https:\/\/www.lescheminsdor.ca\/en\/wp-json\/wp\/v2\/types\/page"}],"author":[{"embeddable":true,"href":"https:\/\/www.lescheminsdor.ca\/en\/wp-json\/wp\/v2\/users\/1"}],"replies":[{"embeddable":true,"href":"https:\/\/www.lescheminsdor.ca\/en\/wp-json\/wp\/v2\/comments?post=64"}],"version-history":[{"count":0,"href":"https:\/\/www.lescheminsdor.ca\/en\/wp-json\/wp\/v2\/pages\/64\/revisions"}],"wp:attachment":[{"href":"https:\/\/www.lescheminsdor.ca\/en\/wp-json\/wp\/v2\/media?parent=64"}],"curies":[{"name":"wp","href":"https:\/\/api.w.org\/{rel}","templated":true}]}}