{"id":175,"date":"2024-03-06T21:27:21","date_gmt":"2024-03-06T21:27:21","guid":{"rendered":"https:\/\/osseovacuum2.wpenginepowered.com\/?page_id=175"},"modified":"2024-12-21T20:53:15","modified_gmt":"2024-12-21T20:53:15","slug":"about-us","status":"publish","type":"page","link":"https:\/\/www.lescheminsdor.ca\/en\/about-us\/","title":{"rendered":"About us"},"content":{"rendered":"<div data-elementor-type=\"wp-page\" data-elementor-id=\"175\" class=\"elementor elementor-175\" data-elementor-post-type=\"page\">\n\t\t\t\t<div class=\"elementor-element elementor-element-3a68ebc1 e-flex e-con-boxed e-con e-parent\" data-id=\"3a68ebc1\" data-element_type=\"container\" data-e-type=\"container\">\n\t\t\t\t\t<div class=\"e-con-inner\">\n\t\t<div class=\"elementor-element elementor-element-386961c0 e-con-full e-flex e-con e-child\" data-id=\"386961c0\" data-element_type=\"container\" data-e-type=\"container\">\n\t\t<div class=\"elementor-element elementor-element-2949e2dd e-con-full e-flex e-con e-child\" data-id=\"2949e2dd\" data-element_type=\"container\" data-e-type=\"container\">\n\t\t\t\t<div class=\"elementor-element elementor-element-537b5458 elementor-widget elementor-widget-image\" data-id=\"537b5458\" data-element_type=\"widget\" data-e-type=\"widget\" data-widget_type=\"image.default\">\n\t\t\t\t<div class=\"elementor-widget-container\">\n\t\t\t\t\t\t\t\t\t\t\t\t\t\t\t<img fetchpriority=\"high\" decoding=\"async\" width=\"711\" height=\"546\" src=\"https:\/\/www.lescheminsdor.ca\/wp-content\/uploads\/2024\/11\/Mask-group-15.png\" class=\"attachment-full size-full wp-image-5946\" alt=\"\" srcset=\"https:\/\/www.lescheminsdor.ca\/wp-content\/uploads\/2024\/11\/Mask-group-15.png 711w, https:\/\/www.lescheminsdor.ca\/wp-content\/uploads\/2024\/11\/Mask-group-15-300x230.png 300w\" sizes=\"(max-width: 711px) 100vw, 711px\" \/>\t\t\t\t\t\t\t\t\t\t\t\t\t\t\t<\/div>\n\t\t\t\t<\/div>\n\t\t\t\t<\/div>\n\t\t<div class=\"elementor-element elementor-element-226274f6 e-con-full e-flex e-con e-child\" data-id=\"226274f6\" data-element_type=\"container\" data-e-type=\"container\">\n\t\t\t\t<div class=\"elementor-element elementor-element-27549915 elementor-widget elementor-widget-heading\" data-id=\"27549915\" data-element_type=\"widget\" data-e-type=\"widget\" data-widget_type=\"heading.default\">\n\t\t\t\t<div class=\"elementor-widget-container\">\n\t\t\t\t\t<h2 class=\"elementor-heading-title elementor-size-default\">Notre histoire<\/h2>\t\t\t\t<\/div>\n\t\t\t\t<\/div>\n\t\t\t\t<div class=\"elementor-element elementor-element-38df97c3 elementor-widget elementor-widget-text-editor\" data-id=\"38df97c3\" data-element_type=\"widget\" data-e-type=\"widget\" data-widget_type=\"text-editor.default\">\n\t\t\t\t<div class=\"elementor-widget-container\">\n\t\t\t\t\t\t\t\t\t<p>Les Chemins D&rsquo;Or, fond\u00e9e par Vittorio Arcangeli et nomm\u00e9e \u00e0 l&rsquo;origine The Golden Way, a acquis une r\u00e9putation honorable au fil des ans depuis ses modestes d\u00e9buts en 1970. Cette entreprise familiale met l&rsquo;accent sur d&rsquo;excellents services et propose des produits de qualit\u00e9 avec une touche europ\u00e9enne. Les Chemins D&rsquo;Or est un chef de file de la joaillerie italienne exclusive de 18 carats et se sp\u00e9cialise dans les bagues de fian\u00e7ailles de mari\u00e9e et en diamant, les alliances en platine ou en or 18 carats fabriqu\u00e9es \u00e0 la main. Les Chemins D&rsquo;Or dispose \u00e9galement d&rsquo;un vaste inventaire de diamants certifi\u00e9s G.I.A. De plus, Les Chemins D&rsquo;Or est un agent officiel des montres suisses et de bijoux de marques.\u00a0 \u00c0 l&rsquo;image des marques associ\u00e9es aux Chemins D&rsquo;Or, l&rsquo;inspiration et la cr\u00e9ativit\u00e9 sont dans chaque\u00a0 pi\u00e8ce. Au fil des ans et jusqu&rsquo;\u00e0 aujourd&rsquo;hui, Les Chemins D&rsquo;Or a toujours su r\u00e9pondre \u00e0 sa client\u00e8le avec sa passion \u00e9ternelle pour l&rsquo;excellence.<\/p>\t\t\t\t\t\t\t\t<\/div>\n\t\t\t\t<\/div>\n\t\t\t\t<\/div>\n\t\t\t\t<\/div>\n\t\t\t\t\t<\/div>\n\t\t\t\t<\/div>\n\t\t\t\t<\/div>","protected":false},"excerpt":{"rendered":"<p>Notre histoire Les Chemins D&rsquo;Or, fond\u00e9e par Vittorio Arcangeli et nomm\u00e9e \u00e0 l&rsquo;origine The Golden Way, a acquis une r\u00e9putation honorable au fil des ans depuis ses modestes d\u00e9buts en 1970. Cette entreprise familiale met l&rsquo;accent sur d&rsquo;excellents services et propose des produits de qualit\u00e9 avec une touche europ\u00e9enne. Les Chemins D&rsquo;Or est un chef [&hellip;]<\/p>\n","protected":false},"author":1,"featured_media":0,"parent":0,"menu_order":0,"comment_status":"closed","ping_status":"closed","template":"","meta":{"_acf_changed":false,"footnotes":""},"class_list":["post-175","page","type-page","status-publish","hentry"],"acf":[],"yoast_head":"<!-- This site is optimized with the Yoast SEO plugin v27.5 - https:\/\/yoast.com\/product\/yoast-seo-wordpress\/ -->\n<title>About us - Les Chemins D&#039;or<\/title>\n<meta name=\"robots\" content=\"index, follow, max-snippet:-1, max-image-preview:large, max-video-preview:-1\" \/>\n<link rel=\"canonical\" href=\"https:\/\/www.lescheminsdor.ca\/en\/about-us\/\" \/>\n<meta property=\"og:locale\" content=\"en_US\" \/>\n<meta property=\"og:type\" content=\"article\" \/>\n<meta property=\"og:title\" content=\"About us - Les Chemins D&#039;or\" \/>\n<meta property=\"og:description\" content=\"Notre histoire Les Chemins D&rsquo;Or, fond\u00e9e par Vittorio Arcangeli et nomm\u00e9e \u00e0 l&rsquo;origine The Golden Way, a acquis une r\u00e9putation honorable au fil des ans depuis ses modestes d\u00e9buts en 1970. Cette entreprise familiale met l&rsquo;accent sur d&rsquo;excellents services et propose des produits de qualit\u00e9 avec une touche europ\u00e9enne. Les Chemins D&rsquo;Or est un chef [&hellip;]\" \/>\n<meta property=\"og:url\" content=\"https:\/\/www.lescheminsdor.ca\/en\/about-us\/\" \/>\n<meta property=\"og:site_name\" content=\"Les Chemins D&#039;or\" \/>\n<meta property=\"article:modified_time\" content=\"2024-12-21T20:53:15+00:00\" \/>\n<meta property=\"og:image\" content=\"https:\/\/www.lescheminsdor.ca\/wp-content\/uploads\/2024\/11\/Mask-group-15.png\" \/>\n\t<meta property=\"og:image:width\" content=\"711\" \/>\n\t<meta property=\"og:image:height\" content=\"546\" \/>\n\t<meta property=\"og:image:type\" content=\"image\/png\" \/>\n<meta name=\"twitter:label1\" content=\"Est. reading time\" \/>\n\t<meta name=\"twitter:data1\" content=\"1 minute\" \/>\n<script type=\"application\/ld+json\" class=\"yoast-schema-graph\">{\"@context\":\"https:\\\/\\\/schema.org\",\"@graph\":[{\"@type\":\"WebPage\",\"@id\":\"https:\\\/\\\/www.lescheminsdor.ca\\\/about-us\\\/\",\"url\":\"https:\\\/\\\/www.lescheminsdor.ca\\\/about-us\\\/\",\"name\":\"About us - Les Chemins D&#039;or\",\"isPartOf\":{\"@id\":\"https:\\\/\\\/www.lescheminsdor.ca\\\/#website\"},\"primaryImageOfPage\":{\"@id\":\"https:\\\/\\\/www.lescheminsdor.ca\\\/about-us\\\/#primaryimage\"},\"image\":{\"@id\":\"https:\\\/\\\/www.lescheminsdor.ca\\\/about-us\\\/#primaryimage\"},\"thumbnailUrl\":\"https:\\\/\\\/www.lescheminsdor.ca\\\/wp-content\\\/uploads\\\/2024\\\/11\\\/Mask-group-15.png\",\"datePublished\":\"2024-03-06T21:27:21+00:00\",\"dateModified\":\"2024-12-21T20:53:15+00:00\",\"breadcrumb\":{\"@id\":\"https:\\\/\\\/www.lescheminsdor.ca\\\/about-us\\\/#breadcrumb\"},\"inLanguage\":\"en-US\",\"potentialAction\":[{\"@type\":\"ReadAction\",\"target\":[\"https:\\\/\\\/www.lescheminsdor.ca\\\/about-us\\\/\"]}]},{\"@type\":\"ImageObject\",\"inLanguage\":\"en-US\",\"@id\":\"https:\\\/\\\/www.lescheminsdor.ca\\\/about-us\\\/#primaryimage\",\"url\":\"https:\\\/\\\/www.lescheminsdor.ca\\\/wp-content\\\/uploads\\\/2024\\\/11\\\/Mask-group-15.png\",\"contentUrl\":\"https:\\\/\\\/www.lescheminsdor.ca\\\/wp-content\\\/uploads\\\/2024\\\/11\\\/Mask-group-15.png\"},{\"@type\":\"BreadcrumbList\",\"@id\":\"https:\\\/\\\/www.lescheminsdor.ca\\\/about-us\\\/#breadcrumb\",\"itemListElement\":[{\"@type\":\"ListItem\",\"position\":1,\"name\":\"Home\",\"item\":\"https:\\\/\\\/www.lescheminsdor.ca\\\/\"},{\"@type\":\"ListItem\",\"position\":2,\"name\":\"About us\"}]},{\"@type\":\"WebSite\",\"@id\":\"https:\\\/\\\/www.lescheminsdor.ca\\\/#website\",\"url\":\"https:\\\/\\\/www.lescheminsdor.ca\\\/\",\"name\":\"Les Chemins D&#039;or\",\"description\":\"\u00c9tabli depuis 1970\",\"publisher\":{\"@id\":\"https:\\\/\\\/www.lescheminsdor.ca\\\/#organization\"},\"potentialAction\":[{\"@type\":\"SearchAction\",\"target\":{\"@type\":\"EntryPoint\",\"urlTemplate\":\"https:\\\/\\\/www.lescheminsdor.ca\\\/?s={search_term_string}\"},\"query-input\":{\"@type\":\"PropertyValueSpecification\",\"valueRequired\":true,\"valueName\":\"search_term_string\"}}],\"inLanguage\":\"en-US\"},{\"@type\":\"Organization\",\"@id\":\"https:\\\/\\\/www.lescheminsdor.ca\\\/#organization\",\"name\":\"Les Chemins D&#039;or\",\"url\":\"https:\\\/\\\/www.lescheminsdor.ca\\\/\",\"logo\":{\"@type\":\"ImageObject\",\"inLanguage\":\"en-US\",\"@id\":\"https:\\\/\\\/www.lescheminsdor.ca\\\/#\\\/schema\\\/logo\\\/image\\\/\",\"url\":\"https:\\\/\\\/www.lescheminsdor.ca\\\/wp-content\\\/uploads\\\/2024\\\/02\\\/attachment-1.png\",\"contentUrl\":\"https:\\\/\\\/www.lescheminsdor.ca\\\/wp-content\\\/uploads\\\/2024\\\/02\\\/attachment-1.png\",\"width\":356,\"height\":49,\"caption\":\"Les Chemins D&#039;or\"},\"image\":{\"@id\":\"https:\\\/\\\/www.lescheminsdor.ca\\\/#\\\/schema\\\/logo\\\/image\\\/\"}}]}<\/script>\n<!-- \/ Yoast SEO plugin. -->","yoast_head_json":{"title":"About us - Les Chemins D&#039;or","robots":{"index":"index","follow":"follow","max-snippet":"max-snippet:-1","max-image-preview":"max-image-preview:large","max-video-preview":"max-video-preview:-1"},"canonical":"https:\/\/www.lescheminsdor.ca\/en\/about-us\/","og_locale":"en_US","og_type":"article","og_title":"About us - Les Chemins D&#039;or","og_description":"Notre histoire Les Chemins D&rsquo;Or, fond\u00e9e par Vittorio Arcangeli et nomm\u00e9e \u00e0 l&rsquo;origine The Golden Way, a acquis une r\u00e9putation honorable au fil des ans depuis ses modestes d\u00e9buts en 1970. Cette entreprise familiale met l&rsquo;accent sur d&rsquo;excellents services et propose des produits de qualit\u00e9 avec une touche europ\u00e9enne. Les Chemins D&rsquo;Or est un chef [&hellip;]","og_url":"https:\/\/www.lescheminsdor.ca\/en\/about-us\/","og_site_name":"Les Chemins D&#039;or","article_modified_time":"2024-12-21T20:53:15+00:00","og_image":[{"width":711,"height":546,"url":"https:\/\/www.lescheminsdor.ca\/wp-content\/uploads\/2024\/11\/Mask-group-15.png","type":"image\/png"}],"twitter_misc":{"Est. reading time":"1 minute"},"schema":{"@context":"https:\/\/schema.org","@graph":[{"@type":"WebPage","@id":"https:\/\/www.lescheminsdor.ca\/about-us\/","url":"https:\/\/www.lescheminsdor.ca\/about-us\/","name":"About us - Les Chemins D&#039;or","isPartOf":{"@id":"https:\/\/www.lescheminsdor.ca\/#website"},"primaryImageOfPage":{"@id":"https:\/\/www.lescheminsdor.ca\/about-us\/#primaryimage"},"image":{"@id":"https:\/\/www.lescheminsdor.ca\/about-us\/#primaryimage"},"thumbnailUrl":"https:\/\/www.lescheminsdor.ca\/wp-content\/uploads\/2024\/11\/Mask-group-15.png","datePublished":"2024-03-06T21:27:21+00:00","dateModified":"2024-12-21T20:53:15+00:00","breadcrumb":{"@id":"https:\/\/www.lescheminsdor.ca\/about-us\/#breadcrumb"},"inLanguage":"en-US","potentialAction":[{"@type":"ReadAction","target":["https:\/\/www.lescheminsdor.ca\/about-us\/"]}]},{"@type":"ImageObject","inLanguage":"en-US","@id":"https:\/\/www.lescheminsdor.ca\/about-us\/#primaryimage","url":"https:\/\/www.lescheminsdor.ca\/wp-content\/uploads\/2024\/11\/Mask-group-15.png","contentUrl":"https:\/\/www.lescheminsdor.ca\/wp-content\/uploads\/2024\/11\/Mask-group-15.png"},{"@type":"BreadcrumbList","@id":"https:\/\/www.lescheminsdor.ca\/about-us\/#breadcrumb","itemListElement":[{"@type":"ListItem","position":1,"name":"Home","item":"https:\/\/www.lescheminsdor.ca\/"},{"@type":"ListItem","position":2,"name":"About us"}]},{"@type":"WebSite","@id":"https:\/\/www.lescheminsdor.ca\/#website","url":"https:\/\/www.lescheminsdor.ca\/","name":"Les Chemins D&#039;or","description":"Established since 1970","publisher":{"@id":"https:\/\/www.lescheminsdor.ca\/#organization"},"potentialAction":[{"@type":"SearchAction","target":{"@type":"EntryPoint","urlTemplate":"https:\/\/www.lescheminsdor.ca\/?s={search_term_string}"},"query-input":{"@type":"PropertyValueSpecification","valueRequired":true,"valueName":"search_term_string"}}],"inLanguage":"en-US"},{"@type":"Organization","@id":"https:\/\/www.lescheminsdor.ca\/#organization","name":"Les Chemins D&#039;or","url":"https:\/\/www.lescheminsdor.ca\/","logo":{"@type":"ImageObject","inLanguage":"en-US","@id":"https:\/\/www.lescheminsdor.ca\/#\/schema\/logo\/image\/","url":"https:\/\/www.lescheminsdor.ca\/wp-content\/uploads\/2024\/02\/attachment-1.png","contentUrl":"https:\/\/www.lescheminsdor.ca\/wp-content\/uploads\/2024\/02\/attachment-1.png","width":356,"height":49,"caption":"Les Chemins D&#039;or"},"image":{"@id":"https:\/\/www.lescheminsdor.ca\/#\/schema\/logo\/image\/"}}]}},"_links":{"self":[{"href":"https:\/\/www.lescheminsdor.ca\/en\/wp-json\/wp\/v2\/pages\/175","targetHints":{"allow":["GET"]}}],"collection":[{"href":"https:\/\/www.lescheminsdor.ca\/en\/wp-json\/wp\/v2\/pages"}],"about":[{"href":"https:\/\/www.lescheminsdor.ca\/en\/wp-json\/wp\/v2\/types\/page"}],"author":[{"embeddable":true,"href":"https:\/\/www.lescheminsdor.ca\/en\/wp-json\/wp\/v2\/users\/1"}],"replies":[{"embeddable":true,"href":"https:\/\/www.lescheminsdor.ca\/en\/wp-json\/wp\/v2\/comments?post=175"}],"version-history":[{"count":0,"href":"https:\/\/www.lescheminsdor.ca\/en\/wp-json\/wp\/v2\/pages\/175\/revisions"}],"wp:attachment":[{"href":"https:\/\/www.lescheminsdor.ca\/en\/wp-json\/wp\/v2\/media?parent=175"}],"curies":[{"name":"wp","href":"https:\/\/api.w.org\/{rel}","templated":true}]}}